{"id":2011,"date":"2016-03-25T10:33:04","date_gmt":"2016-03-25T10:33:04","guid":{"rendered":"http:\/\/mozartvibration.com\/fr\/?page_id=2011"},"modified":"2016-04-17T00:53:05","modified_gmt":"2016-04-17T00:53:05","slug":"infos","status":"publish","type":"page","link":"https:\/\/mozartvibration.com\/fr\/infos\/","title":{"rendered":"Infos"},"content":{"rendered":"<p class=\"indentline\" style=\"text-align: justify;\">MOZART VIBRATION est une exp\u00e9rience musicale unique! Des extraits des plus belles oeuvres de Wolfgang Amadeus Mozart color\u00e9s d&rsquo;accents reggae, une incroyable alchimie qui m\u00e9lange musique classique et musique populaire, dans un respect total des partitions originales. Plus de 30 artistes sur sc\u00e8ne: des musiciens classiques, des musiciens reggae et des danseurs pour vous plonger dans cette incroyable exp\u00e9rience musicale.<\/p>\n","protected":false},"excerpt":{"rendered":"<p>MOZART VIBRATION est une exp\u00e9rience musicale unique! Des extraits des plus belles oeuvres de Wolfgang Amadeus Mozart color\u00e9s d&rsquo;accents reggae, une incroyable alchimie qui m\u00e9lange musique classique et musique populaire, dans un respect total des partitions originales. Plus de 30 artistes sur sc\u00e8ne: des musiciens classiques, des musiciens reggae et des danseurs pour vous plonger [&hellip;]<\/p>\n","protected":false},"author":15,"featured_media":0,"parent":0,"menu_order":19,"comment_status":"closed","ping_status":"closed","template":"","meta":{"footnotes":""},"class_list":["post-2011","page","type-page","status-publish","hentry"],"_links":{"self":[{"href":"https:\/\/mozartvibration.com\/fr\/wp-json\/wp\/v2\/pages\/2011","targetHints":{"allow":["GET"]}}],"collection":[{"href":"https:\/\/mozartvibration.com\/fr\/wp-json\/wp\/v2\/pages"}],"about":[{"href":"https:\/\/mozartvibration.com\/fr\/wp-json\/wp\/v2\/types\/page"}],"author":[{"embeddable":true,"href":"https:\/\/mozartvibration.com\/fr\/wp-json\/wp\/v2\/users\/15"}],"replies":[{"embeddable":true,"href":"https:\/\/mozartvibration.com\/fr\/wp-json\/wp\/v2\/comments?post=2011"}],"version-history":[{"count":6,"href":"https:\/\/mozartvibration.com\/fr\/wp-json\/wp\/v2\/pages\/2011\/revisions"}],"predecessor-version":[{"id":2385,"href":"https:\/\/mozartvibration.com\/fr\/wp-json\/wp\/v2\/pages\/2011\/revisions\/2385"}],"wp:attachment":[{"href":"https:\/\/mozartvibration.com\/fr\/wp-json\/wp\/v2\/media?parent=2011"}],"curies":[{"name":"wp","href":"https:\/\/api.w.org\/{rel}","templated":true}]}}