{"id":2013,"date":"2016-03-25T10:33:39","date_gmt":"2016-03-25T10:33:39","guid":{"rendered":"http:\/\/mozartvibration.com\/fr\/?page_id=2013"},"modified":"2019-05-24T18:07:26","modified_gmt":"2019-05-24T18:07:26","slug":"historique","status":"publish","type":"page","link":"https:\/\/mozartvibration.com\/fr\/infos\/historique\/","title":{"rendered":"Historique"},"content":{"rendered":"<p class=\"indentline\" style=\"text-align: justify;\">Le projet MOZART VIBRATION, est le fruit de la rencontre entre Eric Gerstmans, un musicien classique, violon alto \u00e0 l&rsquo;Orchestre Philharmonique Royal de Li\u00e8ge, et Mohammed Hamra, le bassiste reggae et r\u00e9alisateur belge d&rsquo;origine marocaine. Convaincus qu&rsquo;il n&rsquo;existe aucune fronti\u00e8re entre la musique classique et la musique populaire, les deux artistes d\u00e9cident de r\u00e9\u00e9crire ensemble quelques tubes de Mozart aux couleurs du jazz, la pop, le reggae. Cette d\u00e9marche a permis de rapprocher deux cultures de prime abord tr\u00e8s diff\u00e9rentes et d&rsquo;\u00e9largir l&rsquo;horizon musical du public, tant celui des m\u00e9lomanes que des fans de musique pop. Autour du projet Mozart Vibration, Eric Gerstmans et Mohammed Hamra r\u00e9unissent une vingtaine de musiciens classiques issus de l&rsquo;Orchestre Philharmonique Royal de Li\u00e8ge, d&rsquo;autres musiciens venant des quatres coins de l&rsquo;Europe et des pointures du reggae jama\u00efcain. Les danseurs du groupe de breakdance \u201cPrizon Break Rokerz\u201d rejoignent le projet \u00e0 l&rsquo;occasion du premier spectacle live au \u201cTh\u00e9\u00e2tre de Li\u00e8ge\u201d en Belgique.<\/p>\n","protected":false},"excerpt":{"rendered":"<p>Le projet MOZART VIBRATION, est le fruit de la rencontre entre Eric Gerstmans, un musicien classique, violon alto \u00e0 l&rsquo;Orchestre Philharmonique Royal de Li\u00e8ge, et Mohammed Hamra, le bassiste reggae et r\u00e9alisateur belge d&rsquo;origine marocaine. Convaincus qu&rsquo;il n&rsquo;existe aucune fronti\u00e8re entre la musique classique et la musique populaire, les deux artistes d\u00e9cident de r\u00e9\u00e9crire ensemble [&hellip;]<\/p>\n","protected":false},"author":15,"featured_media":0,"parent":2011,"menu_order":2,"comment_status":"closed","ping_status":"closed","template":"","meta":{"footnotes":""},"class_list":["post-2013","page","type-page","status-publish","hentry"],"_links":{"self":[{"href":"https:\/\/mozartvibration.com\/fr\/wp-json\/wp\/v2\/pages\/2013","targetHints":{"allow":["GET"]}}],"collection":[{"href":"https:\/\/mozartvibration.com\/fr\/wp-json\/wp\/v2\/pages"}],"about":[{"href":"https:\/\/mozartvibration.com\/fr\/wp-json\/wp\/v2\/types\/page"}],"author":[{"embeddable":true,"href":"https:\/\/mozartvibration.com\/fr\/wp-json\/wp\/v2\/users\/15"}],"replies":[{"embeddable":true,"href":"https:\/\/mozartvibration.com\/fr\/wp-json\/wp\/v2\/comments?post=2013"}],"version-history":[{"count":14,"href":"https:\/\/mozartvibration.com\/fr\/wp-json\/wp\/v2\/pages\/2013\/revisions"}],"predecessor-version":[{"id":3015,"href":"https:\/\/mozartvibration.com\/fr\/wp-json\/wp\/v2\/pages\/2013\/revisions\/3015"}],"up":[{"embeddable":true,"href":"https:\/\/mozartvibration.com\/fr\/wp-json\/wp\/v2\/pages\/2011"}],"wp:attachment":[{"href":"https:\/\/mozartvibration.com\/fr\/wp-json\/wp\/v2\/media?parent=2013"}],"curies":[{"name":"wp","href":"https:\/\/api.w.org\/{rel}","templated":true}]}}