{"id":2024,"date":"2016-03-25T10:37:02","date_gmt":"2016-03-25T10:37:02","guid":{"rendered":"http:\/\/mozartvibration.com\/fr\/?page_id=2024"},"modified":"2019-09-08T15:29:17","modified_gmt":"2019-09-08T15:29:17","slug":"artistes","status":"publish","type":"page","link":"https:\/\/mozartvibration.com\/fr\/infos\/artistes\/","title":{"rendered":"Artistes"},"content":{"rendered":"<h4>Musiciens :<\/h4>\n<p>Aude Miller (violon)<br \/>\nEmilio Mecenero (violon)<br \/>\nEric Gerstmans (violon alto et mandoline)<br \/>\nViolaine Miller (violon alto)<br \/>\nChristelle Heinen (violoncelle)<br \/>\nS\u00e9bastien Guedj (hautbois)<br \/>\nJean-Luc Votano (clarinette)<\/p>\n<p>Lieve Goossens (flute en sol)<\/p>\n<p>Joanie Carlier (basson)<br \/>\nS\u00e9bastien Lemaire (trompette)<br \/>\nG\u00e9rald Evrard (trombone)<br \/>\nVincent Gullo (piano)<\/p>\n<p>Aurore Grailet (Harpe)<\/p>\n<p>Mohammed Hamra (basse)<br \/>\nAbdelfetah Hamra (batterie)<br \/>\nHenry Matic Tenyue \u00ab Matic horns \u00bb (trombone)<br \/>\nRay Carless (saxophone t\u00e9nor)<br \/>\nGuillaume Briard \u00a0\u00ab\u00a0Stepper\u00a0\u00bb (saxophone alto)<br \/>\nDerek Johnson (guitare)<\/p>\n<p>Alan Weekes (guitare)<br \/>\nCarl Gentles (claviers)<br \/>\nYoni Vidal (guitare)<br \/>\nSalvatore Lombardo (guitare)<\/p>\n<h4>Chant\u00a0:<\/h4>\n<p>Capella Verviensis,\u00a0 Direction : JM Allepaerts<\/p>\n<p>Florence Locicero<\/p>\n<p>Jasmine Tamaz<\/p>\n<p>Lucilla Pepe<\/p>\n<p>Marie-Monique Timmermans<\/p>\n<p>Laura Pusateri<\/p>\n<p>Iseult Dombar<\/p>\n<p>Damien Nautet<\/p>\n<p>Michel Franssen<\/p>\n<p>Beno\u00eet Vivegnis<\/p>\n<p>Jean-Fran\u00e7ois Kaisin.<\/p>\n<h4>Danseurs<\/h4>\n<p>Les danseurs du projet MOZART VIBRATION font partie du groupe \u201cPrizon Break Rockerz\u201d bas\u00e9 \u00e0 Li\u00e8ge, Belgique.<\/p>\n","protected":false},"excerpt":{"rendered":"<p>Musiciens : Aude Miller (violon) Emilio Mecenero (violon) Eric Gerstmans (violon alto et mandoline) Violaine Miller (violon alto) Christelle Heinen (violoncelle) S\u00e9bastien Guedj (hautbois) Jean-Luc Votano (clarinette) Lieve Goossens (flute en sol) Joanie Carlier (basson) S\u00e9bastien Lemaire (trompette) G\u00e9rald Evrard (trombone) Vincent Gullo (piano) Aurore Grailet (Harpe) Mohammed Hamra (basse) Abdelfetah Hamra (batterie) Henry Matic [&hellip;]<\/p>\n","protected":false},"author":15,"featured_media":0,"parent":2011,"menu_order":3,"comment_status":"closed","ping_status":"closed","template":"","meta":{"footnotes":""},"class_list":["post-2024","page","type-page","status-publish","hentry"],"_links":{"self":[{"href":"https:\/\/mozartvibration.com\/fr\/wp-json\/wp\/v2\/pages\/2024","targetHints":{"allow":["GET"]}}],"collection":[{"href":"https:\/\/mozartvibration.com\/fr\/wp-json\/wp\/v2\/pages"}],"about":[{"href":"https:\/\/mozartvibration.com\/fr\/wp-json\/wp\/v2\/types\/page"}],"author":[{"embeddable":true,"href":"https:\/\/mozartvibration.com\/fr\/wp-json\/wp\/v2\/users\/15"}],"replies":[{"embeddable":true,"href":"https:\/\/mozartvibration.com\/fr\/wp-json\/wp\/v2\/comments?post=2024"}],"version-history":[{"count":27,"href":"https:\/\/mozartvibration.com\/fr\/wp-json\/wp\/v2\/pages\/2024\/revisions"}],"predecessor-version":[{"id":3166,"href":"https:\/\/mozartvibration.com\/fr\/wp-json\/wp\/v2\/pages\/2024\/revisions\/3166"}],"up":[{"embeddable":true,"href":"https:\/\/mozartvibration.com\/fr\/wp-json\/wp\/v2\/pages\/2011"}],"wp:attachment":[{"href":"https:\/\/mozartvibration.com\/fr\/wp-json\/wp\/v2\/media?parent=2024"}],"curies":[{"name":"wp","href":"https:\/\/api.w.org\/{rel}","templated":true}]}}