{"id":2437,"date":"2016-08-12T01:50:11","date_gmt":"2016-08-12T01:50:11","guid":{"rendered":"http:\/\/mozartvibration.com\/fr\/?page_id=2437"},"modified":"2016-09-21T08:58:27","modified_gmt":"2016-09-21T08:58:27","slug":"concert-21-10-2016-huy-belgium-fr","status":"publish","type":"page","link":"https:\/\/mozartvibration.com\/fr\/concert-21-10-2016-huy-belgium-fr\/","title":{"rendered":"Concert-21-10-2016-Huy-Belgium-Fr"},"content":{"rendered":"<p>L&rsquo;album sera disponible le jour du concert ! Commandez le d\u00e8s maintenant !<\/p>\n<p>MV est une exp\u00e9rience musicale unique!<br \/>\nDes extraits des plus belles oeuvres de<br \/>\nWolfgang Amadeus Mozart color\u00e9s<br \/>\nd\u2019accents reggae, une incroyable alchimie<br \/>\nqui m\u00e9lange musique classique et musique<br \/>\npop, dans un respect total des partitions<br \/>\noriginales. Plus de 30 artistes sur sc\u00e8ne:<br \/>\ndes musiciens classiques, des musiciens<br \/>\nreggae\u00a0 de renom international et des<br \/>\ndanseurs qui vous plongerons<br \/>\ndans l&rsquo;univers musical de Mozart Vibration<\/p>\n<p>Commandez vos entr\u00e9es en pr\u00e9vente via nos partenaires :<\/p>\n<p><a href=\"http:\/\/be.fnacspectacles.com\/place-spectacle\/manifestation\/Musique-classique-MOZART-VIBRATION-CCVIB.htm\" target=\"_blank\"><img loading=\"lazy\" decoding=\"async\" class=\"alignnone\" src=\"http:\/\/be.fnacspectacles.com\/static\/uploads\/mb\/fnac.be\/version2\/logo_fnac.gif\" alt=\"\" width=\"145\" height=\"108\" \/><\/a><a href=\"https:\/\/www.spectacles.carrefour.fr\/places-concerts\/musique-classique-lyrique-opera\/mozart-vibration-mCCVIB.htm\" target=\"_blank\"><img loading=\"lazy\" decoding=\"async\" class=\"alignnone wp-image-2451 size-full\" src=\"http:\/\/mozartvibration.com\/wp-content\/uploads\/2016\/08\/carrefour-mozartvibration.com_.png\" alt=\"carrefour mozartvibration.com\" width=\"149\" height=\"119\" \/><\/a><\/p>\n<p>Pour le 20 Octobre 2016, <a href=\"http:\/\/mozartvibration.com\/fr\/concert-20-10-2016-geel-belgium-fr\/\">cliquez ici<\/a><\/p>\n","protected":false},"excerpt":{"rendered":"<p>L&rsquo;album sera disponible le jour du concert ! Commandez le d\u00e8s maintenant ! MV est une exp\u00e9rience musicale unique! Des extraits des plus belles oeuvres de Wolfgang Amadeus Mozart color\u00e9s d\u2019accents reggae, une incroyable alchimie qui m\u00e9lange musique classique et musique pop, dans un respect total des partitions originales. Plus de 30 artistes sur sc\u00e8ne: [&hellip;]<\/p>\n","protected":false},"author":15,"featured_media":0,"parent":0,"menu_order":0,"comment_status":"closed","ping_status":"closed","template":"","meta":{"footnotes":""},"class_list":["post-2437","page","type-page","status-publish","hentry"],"_links":{"self":[{"href":"https:\/\/mozartvibration.com\/fr\/wp-json\/wp\/v2\/pages\/2437","targetHints":{"allow":["GET"]}}],"collection":[{"href":"https:\/\/mozartvibration.com\/fr\/wp-json\/wp\/v2\/pages"}],"about":[{"href":"https:\/\/mozartvibration.com\/fr\/wp-json\/wp\/v2\/types\/page"}],"author":[{"embeddable":true,"href":"https:\/\/mozartvibration.com\/fr\/wp-json\/wp\/v2\/users\/15"}],"replies":[{"embeddable":true,"href":"https:\/\/mozartvibration.com\/fr\/wp-json\/wp\/v2\/comments?post=2437"}],"version-history":[{"count":6,"href":"https:\/\/mozartvibration.com\/fr\/wp-json\/wp\/v2\/pages\/2437\/revisions"}],"predecessor-version":[{"id":2583,"href":"https:\/\/mozartvibration.com\/fr\/wp-json\/wp\/v2\/pages\/2437\/revisions\/2583"}],"wp:attachment":[{"href":"https:\/\/mozartvibration.com\/fr\/wp-json\/wp\/v2\/media?parent=2437"}],"curies":[{"name":"wp","href":"https:\/\/api.w.org\/{rel}","templated":true}]}}