{"id":3100,"date":"2019-06-30T09:50:41","date_gmt":"2019-06-30T09:50:41","guid":{"rendered":"https:\/\/mozartvibration.com\/?page_id=3100"},"modified":"2019-06-30T09:50:41","modified_gmt":"2019-06-30T09:50:41","slug":"mv2-merci","status":"publish","type":"page","link":"https:\/\/mozartvibration.com\/fr\/mv2-merci\/","title":{"rendered":"MV2-Merci"},"content":{"rendered":"<p>Merci d&rsquo;avoir command\u00e9 le nouvel album de Mozart Vibration.<\/p>\n<p>Un email vient de vous \u00eatre envoy\u00e9.<\/p>\n","protected":false},"excerpt":{"rendered":"<p>Merci d&rsquo;avoir command\u00e9 le nouvel album de Mozart Vibration. Un email vient de vous \u00eatre envoy\u00e9.<\/p>\n","protected":false},"author":15,"featured_media":0,"parent":0,"menu_order":0,"comment_status":"closed","ping_status":"closed","template":"","meta":{"footnotes":""},"class_list":["post-3100","page","type-page","status-publish","hentry"],"_links":{"self":[{"href":"https:\/\/mozartvibration.com\/fr\/wp-json\/wp\/v2\/pages\/3100","targetHints":{"allow":["GET"]}}],"collection":[{"href":"https:\/\/mozartvibration.com\/fr\/wp-json\/wp\/v2\/pages"}],"about":[{"href":"https:\/\/mozartvibration.com\/fr\/wp-json\/wp\/v2\/types\/page"}],"author":[{"embeddable":true,"href":"https:\/\/mozartvibration.com\/fr\/wp-json\/wp\/v2\/users\/15"}],"replies":[{"embeddable":true,"href":"https:\/\/mozartvibration.com\/fr\/wp-json\/wp\/v2\/comments?post=3100"}],"version-history":[{"count":1,"href":"https:\/\/mozartvibration.com\/fr\/wp-json\/wp\/v2\/pages\/3100\/revisions"}],"predecessor-version":[{"id":3101,"href":"https:\/\/mozartvibration.com\/fr\/wp-json\/wp\/v2\/pages\/3100\/revisions\/3101"}],"wp:attachment":[{"href":"https:\/\/mozartvibration.com\/fr\/wp-json\/wp\/v2\/media?parent=3100"}],"curies":[{"name":"wp","href":"https:\/\/api.w.org\/{rel}","templated":true}]}}