{"id":3145,"date":"2019-07-03T19:32:39","date_gmt":"2019-07-03T19:32:39","guid":{"rendered":"https:\/\/mozartvibration.com\/?page_id=3145"},"modified":"2019-07-05T10:56:08","modified_gmt":"2019-07-05T10:56:08","slug":"album-2019-mv2-0","status":"publish","type":"page","link":"https:\/\/mozartvibration.com\/fr\/album-2019-mv2-0\/","title":{"rendered":"Album 2019 MV2.0"},"content":{"rendered":"<p style=\"text-align: center;\"><div class=\"wonderpluginaudio\" id=\"wonderpluginaudio-4\" data-audioplayerid=\"4\" data-width=\"600\" data-height=\"500\" data-skin=\"darkbox\" data-progressinbar=\"true\" data-showinfo=\"true\" data-showimage=\"true\" data-autoplay=\"false\" data-random=\"false\" data-autoresize=\"true\" data-responsive=\"false\" data-showtracklist=\"true\" data-tracklistscroll=\"true\" data-showprogress=\"true\" data-showprevnext=\"true\" data-showloop=\"true\" data-preloadaudio=\"true\" data-showtracklistsearch=\"false\" data-saveposincookie=\"false\" data-showtime=\"true\" data-showvolume=\"true\" data-showvolumebar=\"true\" data-showliveplayedlist=\"false\" data-showtitleinbar=\"false\" data-showloading=\"false\" data-enablega=\"false\" data-titleinbarscroll=\"true\" data-donotinit=\"false\" data-addinitscript=\"false\" data-imagewidth=\"100\" data-imageheight=\"100\" data-loop=\"1\" data-tracklistitem=\"10\" data-titleinbarwidth=\"80\" data-gatrackingid=\"\" data-playbackrate=\"1\" data-playpauseimage=\"playpause-48-48-1.png\" data-playpauseimagewidth=\"48\" data-playpauseimageheight=\"48\" data-cookiehours=\"240\" data-prevnextimage=\"prevnext-48-48-1.png\" data-prevnextimagewidth=\"48\" data-prevnextimageheight=\"48\" data-volumeimage=\"volume-24-24-0.png\" data-volumeimagewidth=\"24\" data-volumeimageheight=\"24\" data-liveupdateinterval=\"10000\" data-maxplayedlist=\"8\" data-playedlisttitle=\"Last Tracks Played\" data-loopimage=\"loop-24-24-0.png\" data-loopimagewidth=\"24\" data-loopimageheight=\"24\" data-infoformat=\"%ARTIST% %ALBUM%&lt;br&gt;\" data-tracklistscroll=\"false\" data-jsfolder=\"https:\/\/mozartvibration.com\/wp-content\/plugins\/wonderplugin-audio\/engine\/\" style=\"display:block;position:relative;margin:0 auto;width:100%;max-width:600px;height:auto;\"><ul class=\"amazingaudioplayer-audios\" style=\"display:none;\"><li data-artist=\"\" data-title=\"Confutatis\" data-album=\"Mozart Vibration 2.0\" data-info=\"&quot;Confutatis&quot; from Mozart Vibration 2.0\" data-image=\"https:\/\/mozartvibration.com\/wp-content\/uploads\/2019\/06\/logo_mozart_vibration.png\" data-duration=\"120\"><div class=\"amazingaudioplayer-source\" data-src=\"https:\/\/mozartvibration.com\/wp-content\/uploads\/2019\/06\/Confutatis-extrait-pour-MVB2.0.mp3\" data-type=\"audio\/mpeg\" ><\/div><\/li><li data-artist=\"\" data-title=\"Concertopiano N\u00c2\u00b023\" data-album=\"Mozart Vibration 2.0\" data-info=\"&quot;Concertopiano N\u00c2\u00b023 &quot; from Mozart Vibration 2.0\" data-image=\"https:\/\/mozartvibration.com\/wp-content\/uploads\/2019\/06\/logo_mozart_vibration.png\" data-duration=\"158\"><div class=\"amazingaudioplayer-source\" data-src=\"https:\/\/mozartvibration.com\/wp-content\/uploads\/2019\/06\/Concerto-piano-n\u00b023-extrait-pour-MVB2.0.mp3\" data-type=\"audio\/mpeg\" ><\/div><\/li><li data-artist=\"\" data-title=\"Ah vous dirais-je Mozart\" data-album=\"Mozart Vibration 2.0\" data-info=\"&quot;Ah vous dirais-je Mozart&quot; from Mozart Vibration 2.0\" data-image=\"https:\/\/mozartvibration.com\/wp-content\/uploads\/2019\/06\/logo_mozart_vibration.png\" data-duration=\"98\"><div class=\"amazingaudioplayer-source\" data-src=\"https:\/\/mozartvibration.com\/wp-content\/uploads\/2019\/06\/Ah-vous-dirais-je-Mozart-extrait-pour-sit-MV2.0.mp3\" data-type=\"audio\/mpeg\" ><\/div><\/li><\/ul><\/div><script>function wonderaudio_4_appendcss(csscode) {var head=document.head || document.getElementsByTagName(\"head\")[0];var style=document.createElement(\"style\");head.appendChild(style);style.type=\"text\/css\";if (style.styleSheet){style.styleSheet.cssText=csscode;} else {style.appendChild(document.createTextNode(csscode));}};wonderaudio_4_appendcss(\"@import url(https:\/\/fonts.googleapis.com\/css?family=Open+Sans|Raleway);  #wonderpluginaudio-4 { \tbox-sizing: border-box; \tbackground-color: #333; \tborder: 1px solid #222; \t-webkit-border-radius: 2px;     \t-moz-border-radius: 2px;     \tborder-radius: 2px; \tmargin: 4px; \tpadding: 8px 4px; \t-webkit-box-shadow: inset 0 1px 0 rgba( 255, 255, 255, 0.15 ), 0 0 3px rgba( 0, 0, 0, 0.5 ); \t-moz-box-shadow: inset 0 1px 0 rgba( 255, 255, 255, 0.15 ), 0 0 3px rgba( 0, 0, 0, 0.5 ); \tbox-shadow: inset 0 1px 0 rgba( 255, 255, 255, 0.15 ), 0 0 3px rgba( 0, 0, 0, 0.5 ); \tbackground-image: -ms-linear-gradient(top, #444444 0%, #111111 100%); \tbackground-image: -moz-linear-gradient(top, #444444 0%, #111111 100%); \tbackground-image: -o-linear-gradient(top, #444444 0%, #111111 100%); \tbackground-image: -webkit-gradient(linear, left top, left bottom, color-stop(0, #444444), color-stop(1, #111111)); \tbackground-image: -webkit-linear-gradient(top, #444444 0%, #111111 100%); \tbackground-image: linear-gradient(to bottom, #444444 0%, #111111 100%); }  #wonderpluginaudio-4 div { \t-webkit-box-sizing: border-box; \t-moz-box-sizing: border-box; \tbox-sizing: border-box;    }  #wonderpluginaudio-4 .amazingaudioplayer-image { \tdisplay: block; \tposition: relative; \tfloat: left; \tmargin: 4px; \toverflow: hidden; \t-webkit-border-radius: 4px;     \t-moz-border-radius: 4px;     \tborder-radius: 4px; }  #wonderpluginaudio-4 .amazingaudioplayer-image img { \tdisplay: inline-block; \tmargin: 0; \tpadding: 0; \t-webkit-border-radius: 4px;     \t-moz-border-radius: 4px;     \tborder-radius: 4px; }  #wonderpluginaudio-4 .amazingaudioplayer-image-clear { }  #wonderpluginaudio-4 .amazingaudioplayer-text { \tdisplay: block; \tposition: relative; \ttext-align: left; \toverflow: hidden; \tpadding: 4px; \theight: auto; }  #wonderpluginaudio-4 .amazingaudioplayer-text-clear { }  #wonderpluginaudio-4 .amazingaudioplayer-title { \tdisplay: block; \tcolor: #eee; \tfont-family: \\\"Open Sans\\\",Arial,sans-serif; \tfont-size: 12px; \tfont-weight: bold; }  #wonderpluginaudio-4 .amazingaudioplayer-title-clear { }  #wonderpluginaudio-4 .amazingaudioplayer-info { \tdisplay: block; \tcolor: #ddd; \tfont-family: Arial, sans-serif; \tfont-size: 11px; \tfont-style: italic; \tmargin-top: 4px; }  #wonderpluginaudio-4 .amazingaudioplayer-info-clear { }  #wonderpluginaudio-4 .amazingaudioplayer-bar { \tposition: relative; \twidth: 100%; \tmin-height: 64px; \tfloat: left; }  #wonderpluginaudio-4 .amazingaudioplayer-bar-buttons-clear { \tclear: both; }  #wonderpluginaudio-4 .amazingaudioplayer-bar-clear { \tclear: both; }  #wonderpluginaudio-4 .amazingaudioplayer-bar-title { \tposition: relative; \tfloat: left; \tcolor: #eee; \tfont-family: \\\"Open Sans\\\", sans-serif; \tfont-size: 12px; \tline-height: 24px; \tmargin: 0 8px; }  #wonderpluginaudio-4 .amazingaudioplayer-playpause { \tposition: absolute; \ttop: 0; \tleft: 40px; }  #wonderpluginaudio-4 .amazingaudioplayer-play { \tposition: relative; }  #wonderpluginaudio-4 .amazingaudioplayer-pause { \tposition: relative; }  #wonderpluginaudio-4 .amazingaudioplayer-stop { \tposition: relative; \tfloat: left; }  #wonderpluginaudio-4 .amazingaudioplayer-prev { \tposition: absolute; \ttop: 0; \tleft: 0px; }  #wonderpluginaudio-4 .amazingaudioplayer-next { \tposition: absolute; \ttop: 0; \tleft: 80px; }  #wonderpluginaudio-4 .amazingaudioplayer-loop { \tposition: absolute; \ttop: 12px; \tleft: 124px; }  #wonderpluginaudio-4 .amazingaudioplayer-progress { \tposition: absolute; \ttop: 42px; \tleft: 0px; \tright: 0px; \tbackground-color: #222; \t-webkit-box-shadow: -1px -1px 0 rgba( 0, 0, 0, 0.5 ), 1px 1px 0 rgba( 255, 255, 255, 0.1 ); \t-moz-box-shadow: -1px -1px 0 rgba( 0, 0, 0, 0.5 ), 1px 1px 0 rgba( 255, 255, 255, 0.1 ); \tbox-shadow: -1px -1px 0 rgba( 0, 0, 0, 0.5 ), 1px 1px 0 rgba( 255, 255, 255, 0.1 ); \tmargin: 8px 4px; \t-webkit-border-radius: 4px; \t-moz-border-radius: 4px; \tborder-radius: 4px; }  #wonderpluginaudio-4 .amazingaudioplayer-progress-loaded { \tbackground-color: #444; \t-webkit-border-radius: 4px; \t-moz-border-radius: 4px; \tborder-radius: 4px; }  #wonderpluginaudio-4 .amazingaudioplayer-progress-played { \t-webkit-border-radius: 4px; \t-moz-border-radius: 4px; \tborder-radius: 4px; \tbackground-color: #e6e3da; \tbackground-image: -ms-linear-gradient(top, #fcfcfc 0%, #e6e3da 100%); \tbackground-image: -moz-linear-gradient(top, #fcfcfc 0%, #e6e3da 100%); \tbackground-image: -o-linear-gradient(top, #fcfcfc 0%, #e6e3da 100%); \tbackground-image: -webkit-gradient(linear, left top, left bottom, color-stop(0, #fcfcfc), color-stop(1, #e6e3da)); \tbackground-image: -webkit-linear-gradient(top, #fcfcfc 0%, #e6e3da 100%);  \tbackground-image: linear-gradient(to bottom, #fcfcfc 0%, #e6e3da 100%); }  #wonderpluginaudio-4 .amazingaudioplayer-time { \tposition: relative; \tfloat: right; \tcolor: #fff; \tfont-family: \\\"Open Sans\\\", sans-serif; \tfont-size: 12px; \ttext-shadow: 1px 1px 0 #000; \tline-height: 24px; \tmargin: 12px 4px; }  #wonderpluginaudio-4 .amazingaudioplayer-volume { \tposition: absolute; \ttop: 12px; \tleft: 154px; }  #wonderpluginaudio-4 .amazingaudioplayer-volume-bar { \tbackground-color: #333; \tborder: none; \t-webkit-border-radius: 4px; \t-moz-border-radius: 4px; \tborder-radius: 4px; \t-webkit-box-shadow: inset 0 1px 0 rgba( 255, 255, 255, 0.15 ), 0 0 3px rgba( 0, 0, 0, 0.5 ); \t-moz-box-shadow: inset 0 1px 0 rgba( 255, 255, 255, 0.15 ), 0 0 3px rgba( 0, 0, 0, 0.5 ); \tbox-shadow: inset 0 1px 0 rgba( 255, 255, 255, 0.15 ), 0 0 3px rgba( 0, 0, 0, 0.5 ); \tbackground-image: -ms-linear-gradient(top, #444444 0%, #111111 100%); \tbackground-image: -moz-linear-gradient(top, #444444 0%, #111111 100%); \tbackground-image: -o-linear-gradient(top, #444444 0%, #111111 100%); \tbackground-image: -webkit-gradient(linear, left top, left bottom, color-stop(0, #444444), color-stop(1, #111111)); \tbackground-image: -webkit-linear-gradient(top, #444444 0%, #111111 100%); \tbackground-image: linear-gradient(to bottom, #444444 0%, #111111 100%); }  #wonderpluginaudio-4 .amazingaudioplayer-volume-bar-adjust { \tbackground-color: #222; \t-webkit-box-shadow: -1px -1px 0 rgba( 0, 0, 0, 0.5 ), 1px 1px 0 rgba( 255, 255, 255, 0.1 ); \t-moz-box-shadow: -1px -1px 0 rgba( 0, 0, 0, 0.5 ), 1px 1px 0 rgba( 255, 255, 255, 0.1 ); \tbox-shadow: -1px -1px 0 rgba( 0, 0, 0, 0.5 ), 1px 1px 0 rgba( 255, 255, 255, 0.1 ); }  #wonderpluginaudio-4 .amazingaudioplayer-volume-bar-adjust-active { \tbackground-color: #f0f0f0; \t-webkit-box-shadow: inset 0 0 5px rgba( 255, 255, 255, 0.5 ); \t-moz-box-shadow: inset 0 0 5px rgba( 255, 255, 255, 0.5 ); \tbox-shadow: inset 0 0 5px rgba( 255, 255, 255, 0.5 ); }  #wonderpluginaudio-4 .amazingaudioplayer-tracklist { \tdisplay: block; \tposition: relative; }  #wonderpluginaudio-4 .amazingaudioplayer-tracklist-container { \tdisplay: block; \tposition: relative; \tmargin: 4px; \tpadding: 8px 0px; }  #wonderpluginaudio-4 .amazingaudioplayer-tracks-wrapper { \tposition: relative; }  #wonderpluginaudio-4 .amazingaudioplayer-tracks { \tposition: relative; \tlist-style-type: none; \tmargin: 0; \tpadding: 0; }  #wonderpluginaudio-4 .amazingaudioplayer-track-item { \tlist-style-type: none; \tposition: relative; \tcursor: pointer; \tcolor: #999; \tfont-family: \\\"Open Sans\\\", Arial, sans-serif; \tfont-size: 12px; \ttext-shadow: 0 1px 1px rgba(0, 0, 0, 0.6); \tline-height: 22px; \tmargin: 0; \tpadding: 0; \ttext-align: left; }  #wonderpluginaudio-4 .amazingaudioplayer-track-item-active { \tcursor: pointer; \tcolor: #fff; }  #wonderpluginaudio-4 .amazingaudioplayer-track-item a { \tcolor: #999;     text-decoration: none; }  #wonderpluginaudio-4 .amazingaudioplayer-track-item-active a { \tcolor: #fff;     text-decoration: none; }  #wonderpluginaudio-4 .amazingaudioplayer-track-item-duration { \tposition: absolute; \ttop: 0; \tright: 0; }  #wonderpluginaudio-4 .amazingaudioplayer-tracklist-arrow-prev { \tposition: absolute; \tbottom: -5px; \tleft: 50%; \tmargin-left: -64px; }  #wonderpluginaudio-4 .amazingaudioplayer-tracklist-arrow-next { \tposition: absolute; \tbottom: -5px; \tleft: 50%; \tmargin-left: 16px; }  #wonderpluginaudio-4 .amazingaudioplayer-tracklist-clear { \tclear: both; }  #wonderpluginaudio-4 .amazingaudioplayer-item-id { \tfloat: left; \twidth: 18px; }  #wonderpluginaudio-4 .amazingaudioplayer-item-info { \tfloat: right; \twidth: 36px; }  #wonderpluginaudio-4 .amazingaudioplayer-item-title { \toverflow: hidden; }  #wonderpluginaudio-4 .amazingaudioplayer-track-item:before, #wonderpluginaudio-4 .amazingaudioplayer-track-item:after { \tdisplay: none; }  #wonderpluginaudio-4 ul, #wonderpluginaudio-4 li { \tlist-style-type: none; }  #wonderpluginaudio-4 .amazingaudioplayer-tracklistsearch { \tbox-sizing: border-box; \tpadding: 4px; }  #wonderpluginaudio-4 .amazingaudioplayer-tracklistsearch-input { \tbox-sizing: border-box; \twidth: 100%; }\");<\/script><\/p>\n<p>Mozart Vibration 2.0\u00a0 une renaissance, une r\u00e9flexion, un moment unique qui unit deux \u00e9poques, un album \u00e0 d\u00e9couvrir, 9 titres qui vous feront voyager&#8230;<\/p>\n<p>Une rencontre, une fusion&#8230;..A vous de voir et d&rsquo;entendre!<\/p>\n<p>1 PIANO CONCERTO 20 [ Allegro ]<br \/>\n2 AGNUS DEI [ Missa Solemnis ]<br \/>\n3 CONFUTATIS [ Requiem ]<br \/>\n4 AH VOUS DIRAIS-JE MOZART<br \/>\n5 PIANO CONCERTO 23 [ Adagio ]<br \/>\n6 REX TREMENDAE [ Requiem ]<br \/>\n7 THE TURKISH MARCH<br \/>\n8 LACRIMOSA [ Requiem ]<br \/>\n9 SINFONIA CONCERTANTE FOR VIOLIN &amp; VIOLA [ Andante ]<\/p>\n<p><a href=\"https:\/\/mozartvibration.com\/order19\/\"><img loading=\"lazy\" decoding=\"async\" class=\"alignnone wp-image-3141 size-full\" src=\"https:\/\/mozartvibration.com\/wp-content\/uploads\/2019\/07\/photo-Order-now.jpg\" alt=\"\" width=\"300\" height=\"200\" \/><\/a><\/p>\n<div id=\"ConnectiveDocSignExtentionInstalled\" data-extension-version=\"1.0.4\"><\/div>\n<p>&nbsp;<\/p>\n","protected":false},"excerpt":{"rendered":"<p>Mozart Vibration 2.0\u00a0 une renaissance, une r\u00e9flexion, un moment unique qui unit deux \u00e9poques, un album \u00e0 d\u00e9couvrir, 9 titres qui vous feront voyager&#8230; Une rencontre, une fusion&#8230;..A vous de voir et d&rsquo;entendre! 1 PIANO CONCERTO 20 [ Allegro ] 2 AGNUS DEI [ Missa Solemnis ] 3 CONFUTATIS [ Requiem ] 4 AH VOUS [&hellip;]<\/p>\n","protected":false},"author":15,"featured_media":0,"parent":0,"menu_order":0,"comment_status":"closed","ping_status":"closed","template":"","meta":{"footnotes":""},"class_list":["post-3145","page","type-page","status-publish","hentry"],"_links":{"self":[{"href":"https:\/\/mozartvibration.com\/fr\/wp-json\/wp\/v2\/pages\/3145","targetHints":{"allow":["GET"]}}],"collection":[{"href":"https:\/\/mozartvibration.com\/fr\/wp-json\/wp\/v2\/pages"}],"about":[{"href":"https:\/\/mozartvibration.com\/fr\/wp-json\/wp\/v2\/types\/page"}],"author":[{"embeddable":true,"href":"https:\/\/mozartvibration.com\/fr\/wp-json\/wp\/v2\/users\/15"}],"replies":[{"embeddable":true,"href":"https:\/\/mozartvibration.com\/fr\/wp-json\/wp\/v2\/comments?post=3145"}],"version-history":[{"count":4,"href":"https:\/\/mozartvibration.com\/fr\/wp-json\/wp\/v2\/pages\/3145\/revisions"}],"predecessor-version":[{"id":3158,"href":"https:\/\/mozartvibration.com\/fr\/wp-json\/wp\/v2\/pages\/3145\/revisions\/3158"}],"wp:attachment":[{"href":"https:\/\/mozartvibration.com\/fr\/wp-json\/wp\/v2\/media?parent=3145"}],"curies":[{"name":"wp","href":"https:\/\/api.w.org\/{rel}","templated":true}]}}